{"id":7,"date":"2015-09-24T18:13:29","date_gmt":"2015-09-24T18:13:29","guid":{"rendered":"http:\/\/web.birgitmathe.de\/?page_id=7"},"modified":"2015-12-30T17:21:41","modified_gmt":"2015-12-30T17:21:41","slug":"leistungen","status":"publish","type":"page","link":"http:\/\/planungsbuero.birgitmathe.de\/?page_id=7","title":{"rendered":"Philosophie"},"content":{"rendered":"<section id=\"builder-section-1443177764839\" class=\"builder-section builder-section-first builder-section-text builder-section-next-text builder-text-columns-2\" style=\"background-size: cover;\">\n<h3 class=\"builder-text-section-title\">\n\t\tMeine Philosophie\t<\/h3>\n<div class=\"builder-section-content\">\n<div class=\"builder-text-column builder-text-column-1\" id=\"builder-section-1443177764839-column-1\">\n<div class=\"builder-text-content\">\n<p>R\u00e4ume beeinflussen die Emotionen und die Leistungsf\u00e4higkeit Ihrer Nutzer und Bewohner.<\/p>\n<p>Deshalb ist es meine pers\u00f6nliche Motivation und mein Ziel, ein Umfeld zu schaffen, in dem sich die Menschen wohl f\u00fchlen.<\/p>\n<p>Bei jeder Planung lege ich deshalb besonderen Wert auf den Dialog mit meinen Kunden. So fliesen die individuellen W\u00fcnsche, Vorstellungen und Bed\u00fcrfnisse schon in der ersten Planungsphase mit ein.<\/p>\n<p>Der gezielte Einsatz von Formen, Farben, Materialien und Licht schafft besondere R\u00e4ume. Funktionalit\u00e4t und Wohlbefinden werden auf den einzelnen abgestimmt.<\/p>\n<p>Jedes Projekt ist eine neue Herausforderung und es ist immer wieder spannend, sich darauf einzulassen.<\/p>\n<\/p><\/div>\n<\/p><\/div>\n<div class=\"builder-text-column builder-text-column-2\" id=\"builder-section-1443177764839-column-2\">\n<div class=\"builder-text-content\">\n<p><a href=\"http:\/\/web.birgitmathe.de\/wp-content\/uploads\/2015\/09\/birgit07.jpg\"><img loading=\"lazy\" decoding=\"async\" data-attachment-id=\"185\" data-permalink=\"http:\/\/planungsbuero.birgitmathe.de\/?attachment_id=185\" data-orig-file=\"http:\/\/planungsbuero.birgitmathe.de\/wp-content\/uploads\/2015\/09\/birgit07.jpg\" data-orig-size=\"854,1286\" data-comments-opened=\"0\" data-image-meta=\"{&quot;aperture&quot;:&quot;5.6&quot;,&quot;credit&quot;:&quot;&quot;,&quot;camera&quot;:&quot;NIKON D90&quot;,&quot;caption&quot;:&quot;&quot;,&quot;created_timestamp&quot;:&quot;1451401511&quot;,&quot;copyright&quot;:&quot;&quot;,&quot;focal_length&quot;:&quot;200&quot;,&quot;iso&quot;:&quot;200&quot;,&quot;shutter_speed&quot;:&quot;0.003125&quot;,&quot;title&quot;:&quot;&quot;,&quot;orientation&quot;:&quot;1&quot;}\" data-image-title=\"birgit07\" data-image-description=\"\" data-image-caption=\"\" data-medium-file=\"http:\/\/planungsbuero.birgitmathe.de\/wp-content\/uploads\/2015\/09\/birgit07-199x300.jpg\" data-large-file=\"http:\/\/planungsbuero.birgitmathe.de\/wp-content\/uploads\/2015\/09\/birgit07-680x1024.jpg\" class=\"alignnone wp-image-185\" src=\"http:\/\/web.birgitmathe.de\/wp-content\/uploads\/2015\/09\/birgit07-199x300.jpg\" alt=\"Birgit Mathe\" width=\"267\" height=\"402\" srcset=\"http:\/\/planungsbuero.birgitmathe.de\/wp-content\/uploads\/2015\/09\/birgit07-199x300.jpg 199w, http:\/\/planungsbuero.birgitmathe.de\/wp-content\/uploads\/2015\/09\/birgit07-680x1024.jpg 680w, http:\/\/planungsbuero.birgitmathe.de\/wp-content\/uploads\/2015\/09\/birgit07.jpg 854w\" sizes=\"auto, (max-width: 267px) 100vw, 267px\" \/><\/a><br \/><strong>Birgit Mathe<br \/><\/strong>Dipl. Ing. FH. Fachbereich Innenarchitektur<\/p>\n<p>\u00a0<\/p>\n<p>\u00a0<\/p>\n<\/p><\/div>\n<\/p><\/div>\n<\/p><\/div>\n<\/section>\n<section id=\"builder-section-1450041753382\" class=\"builder-section builder-section-prev-text builder-section-text builder-section-last builder-text-columns-1\" style=\"\">\n<div class=\"builder-section-content\">\n<div class=\"builder-text-column builder-text-column-1\" id=\"builder-section-1450041753382-column-1\">\n\t\t\t\t\t\t\t\t\t\t\t\t\t\t<\/div>\n<\/p><\/div>\n<\/section>\n","protected":false},"excerpt":{"rendered":"<p>Meine Philosophie R\u00e4ume beeinflussen die Emotionen und die Leistungsf\u00e4higkeit Ihrer Nutzer und Bewohner. Deshalb ist es meine pers\u00f6nliche Motivation und mein Ziel, ein Umfeld zu schaffen, in dem sich die Menschen wohl f\u00fchlen. Bei jeder Planung lege ich deshalb besonderen Wert auf den Dialog mit meinen Kunden. So fliesen die individuellen W\u00fcnsche, Vorstellungen und Bed\u00fcrfnisse &hellip;<\/p>\n","protected":false},"author":1,"featured_media":0,"parent":0,"menu_order":0,"comment_status":"closed","ping_status":"closed","template":"template-builder.php","meta":{"jetpack_post_was_ever_published":false,"footnotes":""},"class_list":["post-7","page","type-page","status-publish","hentry"],"jetpack_shortlink":"https:\/\/wp.me\/P6MdFa-7","jetpack_sharing_enabled":true,"_links":{"self":[{"href":"http:\/\/planungsbuero.birgitmathe.de\/index.php?rest_route=\/wp\/v2\/pages\/7","targetHints":{"allow":["GET"]}}],"collection":[{"href":"http:\/\/planungsbuero.birgitmathe.de\/index.php?rest_route=\/wp\/v2\/pages"}],"about":[{"href":"http:\/\/planungsbuero.birgitmathe.de\/index.php?rest_route=\/wp\/v2\/types\/page"}],"author":[{"embeddable":true,"href":"http:\/\/planungsbuero.birgitmathe.de\/index.php?rest_route=\/wp\/v2\/users\/1"}],"replies":[{"embeddable":true,"href":"http:\/\/planungsbuero.birgitmathe.de\/index.php?rest_route=%2Fwp%2Fv2%2Fcomments&post=7"}],"version-history":[{"count":19,"href":"http:\/\/planungsbuero.birgitmathe.de\/index.php?rest_route=\/wp\/v2\/pages\/7\/revisions"}],"predecessor-version":[{"id":188,"href":"http:\/\/planungsbuero.birgitmathe.de\/index.php?rest_route=\/wp\/v2\/pages\/7\/revisions\/188"}],"wp:attachment":[{"href":"http:\/\/planungsbuero.birgitmathe.de\/index.php?rest_route=%2Fwp%2Fv2%2Fmedia&parent=7"}],"curies":[{"name":"wp","href":"https:\/\/api.w.org\/{rel}","templated":true}]}}